{"id":4012,"date":"2020-07-23T22:36:15","date_gmt":"2020-07-24T04:36:15","guid":{"rendered":"https:\/\/www.senshido.com\/?page_id=4012"},"modified":"2025-02-16T21:50:51","modified_gmt":"2025-02-17T03:50:51","slug":"terms-conditions","status":"publish","type":"page","link":"https:\/\/www.senshido.com\/fr\/about\/terms-conditions\/","title":{"rendered":"Conditions G\u00e9n\u00e9rales"},"content":{"rendered":"<h1>Renonciation<\/h1>\n<p>Certaines des comp\u00e9tences, applications techniques et activit\u00e9s enseign\u00e9es \u00e0 travers les mat\u00e9riaux de ce site web sont intrins\u00e8quement dangereuses. En continuant sur le site, vous reconnaissez et acceptez les risques encourus. Toute blessure et\/ou dommage qui en r\u00e9sulte est enti\u00e8rement et exclusivement de votre responsabilit\u00e9. Si vous avez des inqui\u00e9tudes concernant les risques, vous ne devriez pas continuer sur le site. Vous devrez accepter cette renonciation une seule fois.<\/p>\n<h1>Confidentialit\u00e9<\/h1>\n<p>Senshido.com (\"nous\", \"notre\") exploite le site web https:\/\/www.Senshido.com (le \"Service\").<\/p>\n<p>Cette page vous informe de nos politiques concernant la collecte, l'utilisation et la divulgation de donn\u00e9es personnelles lorsque vous utilisez notre Service et des choix que vous avez associ\u00e9s \u00e0 ces donn\u00e9es.<\/p>\n<p>Nous utilisons vos donn\u00e9es pour fournir et am\u00e9liorer le Service. En utilisant le Service, vous acceptez la collecte et l'utilisation d'informations conform\u00e9ment \u00e0 cette politique. Sauf d\u00e9finition contraire dans cette Politique de Confidentialit\u00e9, les termes utilis\u00e9s dans cette Politique de Confidentialit\u00e9 ont les m\u00eames significations que dans nos Conditions G\u00e9n\u00e9rales, accessibles \u00e0 http:\/\/www.Senshido.com<\/p>\n<h2>D\u00e9finitions<\/h2>\n<ul>\n<li><strong>Service: <\/strong>Le Service est le site web https:\/\/www.Senshido.com op\u00e9r\u00e9 par Trevor Wilcox.<\/li>\n<li><strong>Donn\u00e9es Personnelles: <\/strong>Donn\u00e9es Personnelles d\u00e9signe des donn\u00e9es concernant une personne vivante qui peut \u00eatre identifi\u00e9e \u00e0 partir de ces donn\u00e9es (ou de celles-ci et d'autres informations que nous poss\u00e9dons ou que nous sommes susceptibles de poss\u00e9der).<\/li>\n<li><strong>Donn\u00e9es d'Utilisation: <\/strong>Donn\u00e9es d'Utilisation d\u00e9signe des donn\u00e9es collect\u00e9es automatiquement, soit g\u00e9n\u00e9r\u00e9es par l'utilisation du Service, soit par l'infrastructure du Service elle-m\u00eame (par exemple, la dur\u00e9e d'une visite sur une page).<\/li>\n<li><strong>Cookies: <\/strong>Les Cookies sont de petits morceaux de donn\u00e9es stock\u00e9s sur votre appareil (ordinateur ou dispositif mobile).<\/li>\n<li><strong>Contr\u00f4leur de Donn\u00e9es: <\/strong>Le Contr\u00f4leur de Donn\u00e9es d\u00e9signe la personne physique ou morale qui (soit seule, soit conjointe ou en commun avec d'autres personnes) d\u00e9termine les finalit\u00e9s et les moyens par lesquels toute information personnelle est, ou doit \u00eatre, trait\u00e9e. Aux fins de cette Politique de Confidentialit\u00e9, nous sommes un Contr\u00f4leur de Donn\u00e9es de vos Donn\u00e9es Personnelles.<\/li>\n<li><strong>Processeurs de Donn\u00e9es (ou Fournisseurs de Services): <\/strong>Le Processeur de Donn\u00e9es (ou Fournisseur de Services) d\u00e9signe toute personne physique ou morale qui traite les donn\u00e9es pour le compte du Contr\u00f4leur de Donn\u00e9es. Nous pouvons utiliser les services de divers Fournisseurs de Services afin de traiter vos donn\u00e9es plus efficacement.<\/li>\n<li><strong>Sujet de Donn\u00e9es (ou Utilisateur): <\/strong>Sujet de Donn\u00e9es d\u00e9signe toute personne vivante qui utilise notre Service et qui est l'objet des Donn\u00e9es Personnelles.<\/li>\n<\/ul>\n<h2>Collecte et Utilisation des Informations<\/h2>\n<p>Nous collectons plusieurs types diff\u00e9rents d'informations pour diverses finalit\u00e9s afin de vous fournir et d'am\u00e9liorer notre Service.<\/p>\n<h3>Types de Donn\u00e9es Collect\u00e9es<\/h3>\n<h4>Donn\u00e9es Personnelles<\/h4>\n<p>Lorsque vous utilisez notre Service, nous pouvons vous demander de nous fournir certaines informations personnellement identifiables qui peuvent \u00eatre utilis\u00e9es pour vous contacter ou vous identifier (\"Donn\u00e9es Personnelles\"). Les informations personnellement identifiables peuvent inclure, sans s'y limiter :<\/p>\n<ul>\n<li>Adresse e-mail<\/li>\n<li>Pr\u00e9nom et nom de famille<\/li>\n<li>Num\u00e9ro de t\u00e9l\u00e9phone<\/li>\n<li>Adresse, \u00c9tat, Province, Code postal, Ville<\/li>\n<li>Cookies et Donn\u00e9es d'Utilisation<\/li>\n<\/ul>\n<p>Nous pouvons utiliser vos Donn\u00e9es Personnelles pour vous contacter avec des bulletins d'information, des mat\u00e9riaux marketing ou promotionnels et d'autres informations qui pourraient vous int\u00e9resser. Vous pouvez choisir de ne recevoir aucune, ou toutes, de ces communications de notre part en suivant le lien de d\u00e9sinscription ou les instructions fournies dans tout e-mail que nous envoyons ou en nous contactant.<\/p>\n<h4>Donn\u00e9es d'Utilisation<\/h4>\n<p>Nous pouvons \u00e9galement collecter des informations sur la mani\u00e8re dont le Service est acc\u00e9d\u00e9 et utilis\u00e9 (\"Donn\u00e9es d'Utilisation\"). Ces Donn\u00e9es d'Utilisation peuvent inclure des informations telles que l'adresse de Protocole Internet (IP) de votre ordinateur (par exemple, adresse IP), type de navigateur, version du navigateur, les pages de notre Service que vous visitez, la date et l'heure de votre visite, le temps pass\u00e9 sur ces pages, identifiants uniques de dispositif et autres donn\u00e9es de diagnostic.<\/p>\n<h4>Donn\u00e9es de Localisation<\/h4>\n<p>Nous pouvons utiliser et stocker des informations sur votre localisation si vous nous donnez la permission de le faire (\u201cDonn\u00e9es de Localisation\u201d). Nous utilisons ces donn\u00e9es pour fournir des fonctionnalit\u00e9s de notre Service, pour am\u00e9liorer et personnaliser notre Service.<\/p>\n<p>Vous pouvez activer ou d\u00e9sactiver les services de localisation lorsque vous utilisez notre Service \u00e0 tout moment, via les param\u00e8tres de votre appareil.<\/p>\n<h4>Donn\u00e9es de Suivi et Cookies<\/h4>\n<p>Nous utilisons des cookies et des technologies de suivi similaires pour suivre l'activit\u00e9 sur notre Service et conserver certaines informations.<\/p>\n<p>Les Cookies sont des fichiers contenant une petite quantit\u00e9 de donn\u00e9es qui peuvent inclure un identifiant unique anonyme. Les cookies sont envoy\u00e9s \u00e0 votre navigateur \u00e0 partir d'un site web et sont stock\u00e9s sur votre appareil. Les technologies de suivi \u00e9galement utilis\u00e9es sont des balises, des \u00e9tiquettes et des scripts pour collecter et suivre des informations et pour am\u00e9liorer et analyser notre Service.<\/p>\n<p>Vous pouvez instruire votre navigateur pour qu'il refuse tous les cookies ou pour qu'il indique lorsqu'un cookie est envoy\u00e9. Cependant, si vous n'acceptez pas les cookies, vous pourriez ne pas \u00eatre en mesure d'utiliser certaines parties de notre Service.<\/p>\n<p>Exemples de Cookies que nous utilisons :<\/p>\n<ul>\n<li><strong>Cookies de Session.<\/strong> Nous utilisons des Cookies de Session pour faire fonctionner notre Service.<\/li>\n<li><strong>Cookies de Pr\u00e9f\u00e9rence.<\/strong> Nous utilisons des Cookies de Pr\u00e9f\u00e9rence pour m\u00e9moriser vos pr\u00e9f\u00e9rences et divers r\u00e9glages.<\/li>\n<li><strong>Cookies de S\u00e9curit\u00e9.<\/strong> Nous utilisons des Cookies de S\u00e9curit\u00e9 pour des raisons de s\u00e9curit\u00e9.<\/li>\n<li><strong>Cookies Publicitaires.<\/strong> Les Cookies Publicitaires sont utilis\u00e9s pour vous servir des annonces qui peuvent \u00eatre pertinentes pour vous et vos int\u00e9r\u00eats.<\/li>\n<\/ul>\n<h2>Utilisation des Donn\u00e9es<\/h2>\n<p>Senshido.com utilise les donn\u00e9es collect\u00e9es pour diverses finalit\u00e9s :<\/p>\n<ul>\n<li>Pour fournir et maintenir notre Service<\/li>\n<li>Pour vous notifier des changements apport\u00e9s \u00e0 notre Service<\/li>\n<li>Pour vous permettre de participer aux fonctionnalit\u00e9s interactives de notre Service lorsque vous choisissez de le faire<\/li>\n<li>Pour fournir un support client<\/li>\n<li>Pour recueillir des analyses ou des informations pr\u00e9cieuses afin que nous puissions am\u00e9liorer notre Service<\/li>\n<li>Pour surveiller l'utilisation de notre Service<\/li>\n<li>Pour d\u00e9tecter, pr\u00e9venir et r\u00e9soudre des probl\u00e8mes techniques<\/li>\n<li>Pour vous fournir des nouvelles, des offres sp\u00e9ciales et des informations g\u00e9n\u00e9rales sur d'autres biens, services et \u00e9v\u00e9nements que nous offrons et qui sont similaires \u00e0 ceux que vous avez d\u00e9j\u00e0 achet\u00e9s ou demand\u00e9s, sauf si vous avez choisi de ne pas recevoir de telles informations<\/li>\n<\/ul>\n<h2>Base L\u00e9gale pour le Traitement des Donn\u00e9es Personnelles Selon le R\u00e8glement G\u00e9n\u00e9ral sur la Protection des Donn\u00e9es (GDPR)<\/h2>\n<p>Si vous \u00eates de l'Espace \u00c9conomique Europ\u00e9en (EEE), la base l\u00e9gale de Senshido.com pour collecter et utiliser les informations personnelles d\u00e9crites dans cette Politique de Confidentialit\u00e9 d\u00e9pend des Donn\u00e9es Personnelles que nous collectons et du contexte sp\u00e9cifique dans lequel nous les collectons.<\/p>\n<p>Senshido.com peut traiter vos Donn\u00e9es Personnelles parce que :<\/p>\n<ul>\n<li>Nous devons ex\u00e9cuter un contrat avec vous<\/li>\n<li>Vous nous avez donn\u00e9 la permission de le faire<\/li>\n<li>Le traitement est dans nos int\u00e9r\u00eats l\u00e9gitimes et n'est pas supplant\u00e9 par vos droits<\/li>\n<li>Pour des objectifs de traitement des paiements<\/li>\n<li>Pour se conformer \u00e0 la loi<\/li>\n<\/ul>\n<h2>Conservation des Donn\u00e9es<\/h2>\n<p>Senshido.com conservera vos Donn\u00e9es Personnelles uniquement aussi longtemps que n\u00e9cessaire pour les finalit\u00e9s \u00e9nonc\u00e9es dans cette Politique de Confidentialit\u00e9. Nous conserverons et utiliserons vos Donn\u00e9es Personnelles dans la mesure n\u00e9cessaire pour respecter nos obligations l\u00e9gales (par exemple, si nous sommes tenus de conserver vos donn\u00e9es pour respecter les lois applicables), r\u00e9soudre des litiges et faire respecter nos accords et politiques l\u00e9gales.<\/p>\n<p>Senshido.com conservera \u00e9galement les Donn\u00e9es d'Utilisation \u00e0 des fins d'analyse interne. Les Donn\u00e9es d'Utilisation sont g\u00e9n\u00e9ralement conserv\u00e9es pendant une p\u00e9riode plus courte, sauf lorsque ces donn\u00e9es sont utilis\u00e9es pour renforcer la s\u00e9curit\u00e9 ou am\u00e9liorer la fonctionnalit\u00e9 de notre Service, ou si nous sommes l\u00e9galement tenus de conserver ces donn\u00e9es pendant des p\u00e9riodes plus longues.<\/p>\n<h2>Transfert de Donn\u00e9es<\/h2>\n<p>Vos informations, y compris les Donn\u00e9es Personnelles, peuvent \u00eatre transf\u00e9r\u00e9es et maintenues sur des ordinateurs situ\u00e9s en dehors de votre \u00c9tat, province, pays ou autre juridiction gouvernementale o\u00f9 les lois de protection des donn\u00e9es peuvent diff\u00e9rer de celles de votre juridiction.<\/p>\n<p>Si vous \u00eates situ\u00e9 en dehors des \u00c9tats-Unis et choisissez de nous fournir des informations, veuillez noter que nous transf\u00e9rons les donn\u00e9es, y compris les Donn\u00e9es Personnelles, aux \u00c9tats-Unis et les traitons l\u00e0-bas.<\/p>\n<p>Votre consentement \u00e0 cette Politique de Confidentialit\u00e9 suivi de votre soumission de telles informations repr\u00e9sente votre accord \u00e0 ce transfert.<\/p>\n<p>Senshido.com prendra toutes les mesures raisonnablement n\u00e9cessaires pour s'assurer que vos donn\u00e9es sont trait\u00e9es en toute s\u00e9curit\u00e9 et conform\u00e9ment \u00e0 cette Politique de Confidentialit\u00e9 et aucun transfert de vos Donn\u00e9es Personnelles n'aura lieu vers une organisation ou un pays \u00e0 moins qu'il n'y ait des contr\u00f4les ad\u00e9quats en place, y compris la s\u00e9curit\u00e9 de vos donn\u00e9es et d'autres informations personnelles.<\/p>\n<h2>Divulgation des Donn\u00e9es<\/h2>\n<h3>Divulgation pour les Autorit\u00e9s Judiciaires<\/h3>\n<p>Dans certaines circonstances, nous pouvons \u00eatre tenus de divulguer vos Donn\u00e9es Personnelles si la loi l'exige ou en r\u00e9ponse \u00e0 des demandes valides d'autorit\u00e9s publiques (par exemple, un tribunal ou une agence gouvernementale).<\/p>\n<h3>Exigences L\u00e9gales<\/h3>\n<p>Senshido.com peut divulguer vos Donn\u00e9es Personnelles avec la bonne foi croyance que cette action est n\u00e9cessaire pour :<\/p>\n<ul>\n<li>Se conformer \u00e0 une obligation l\u00e9gale<\/li>\n<li>Prot\u00e9ger et d\u00e9fendre les droits ou la propri\u00e9t\u00e9 de Richard Dimitri ou Senshido.<\/li>\n<li>Pr\u00e9venir ou enqu\u00eater sur d'\u00e9ventuels m\u00e9faits en lien avec le Service<\/li>\n<li>Prot\u00e9ger la s\u00e9curit\u00e9 personnelle des utilisateurs du Service ou du public<\/li>\n<li>Se prot\u00e9ger contre la responsabilit\u00e9 l\u00e9gale<\/li>\n<\/ul>\n<h2>S\u00e9curit\u00e9 des Donn\u00e9es<\/h2>\n<p>La s\u00e9curit\u00e9 de vos donn\u00e9es est importante pour nous, mais rappelez-vous qu'aucun mode de transmission sur Internet, ni m\u00e9thode de stockage \u00e9lectronique n'est 100% s\u00e9curis\u00e9. Bien que nous nous effor\u00e7ons d'utiliser des moyens commercialement acceptables pour prot\u00e9ger vos Donn\u00e9es Personnelles, nous ne pouvons garantir leur s\u00e9curit\u00e9 absolue.<\/p>\n<h2>Signaux \"Ne Pas Suivre\"<\/h2>\n<p>Nous ne supportons pas les signaux \"Ne Pas Suivre\" (\"DNT\"). Ne Pas Suivre est une pr\u00e9f\u00e9rence que vous pouvez d\u00e9finir dans votre navigateur web pour informer les sites web que vous ne souhaitez pas \u00eatre suivi.<\/p>\n<p>Vous pouvez activer ou d\u00e9sactiver Ne Pas Suivre en visitant la page de Pr\u00e9f\u00e9rences ou de Param\u00e8tres de votre navigateur web.<\/p>\n<h2>Vos Droits de Protection des Donn\u00e9es Selon le R\u00e8glement G\u00e9n\u00e9ral sur la Protection des Donn\u00e9es (GDPR)<\/h2>\n<p>Si vous \u00eates r\u00e9sident de l'Espace \u00c9conomique Europ\u00e9en (EEE), vous avez certains droits en mati\u00e8re de protection des donn\u00e9es. Senshido.com vise \u00e0 prendre des mesures raisonnables pour vous permettre de corriger, modifier, supprimer ou limiter l'utilisation de vos Donn\u00e9es Personnelles.<\/p>\n<p>Si vous souhaitez \u00eatre inform\u00e9 des Donn\u00e9es Personnelles que nous d\u00e9tenons \u00e0 votre sujet et si vous souhaitez qu'elles soient supprim\u00e9es de nos syst\u00e8mes, veuillez nous contacter.<\/p>\n<p>Dans certaines circonstances, vous avez les droits suivants en mati\u00e8re de protection des donn\u00e9es :<\/p>\n<ul>\n<li><strong>Le droit d'acc\u00e8s, de mise \u00e0 jour ou d'effacement des informations que nous avons sur vous.<\/strong> Chaque fois que cela est possible, vous pouvez acc\u00e9der, mettre \u00e0 jour ou demander l'effacement de vos Donn\u00e9es Personnelles directement dans la section des param\u00e8tres de votre compte. Si vous ne pouvez pas effectuer ces actions vous-m\u00eame, veuillez nous contacter pour vous aider.<\/li>\n<li><strong>Le droit de rectification.<\/strong> Vous avez le droit de faire rectifier vos informations si elles sont inexactes ou incompl\u00e8tes.<\/li>\n<li><strong>Le droit d'opposition.<\/strong> Vous avez le droit de vous opposer \u00e0 notre traitement de vos Donn\u00e9es Personnelles.<\/li>\n<li><strong>Le droit de restriction.<\/strong> Vous avez le droit de demander que nous limitions le traitement de vos informations personnelles.<\/li>\n<li><strong>Le droit \u00e0 la portabilit\u00e9 des donn\u00e9es.<\/strong> Vous avez le droit de recevoir une copie des informations que nous avons sur vous dans un format structur\u00e9, lisible par machine et couramment utilis\u00e9.<\/li>\n<li><strong>Le droit de retirer le consentement.<\/strong> Vous avez \u00e9galement le droit de retirer votre consentement \u00e0 tout moment lorsque Senshido.com s'est appuy\u00e9 sur votre consentement pour traiter vos informations personnelles.<\/li>\n<\/ul>\n<p>Veuillez noter que nous pouvons vous demander de v\u00e9rifier votre identit\u00e9 avant de r\u00e9pondre \u00e0 de telles demandes.<\/p>\n<p>Vous avez le droit de porter plainte aupr\u00e8s d'une Autorit\u00e9 de Protection des Donn\u00e9es concernant notre collecte et utilisation de vos Donn\u00e9es Personnelles. Pour plus d'informations, veuillez contacter votre autorit\u00e9 locale de protection des donn\u00e9es dans l'Espace \u00c9conomique Europ\u00e9en (EEE).<\/p>\n<h2>Fournisseurs de Services<\/h2>\n<p>Nous pouvons employer des entreprises et des individus tiers pour faciliter notre Service (\"Fournisseurs de Services\"), pour fournir le Service en notre nom, pour effectuer des services li\u00e9s au Service ou pour nous aider \u00e0 analyser comment notre Service est utilis\u00e9.<\/p>\n<p>Ces tiers ont acc\u00e8s \u00e0 vos Donn\u00e9es Personnelles uniquement pour effectuer ces t\u00e2ches en notre nom et sont tenus de ne pas divulguer ni utiliser celles-ci \u00e0 d'autres fins.<\/p>\n<h3>Analytique<\/h3>\n<p>Nous pouvons utiliser des Fournisseurs de Services tiers pour surveiller et analyser l'utilisation de notre Service.<\/p>\n<ul>\n<li><strong>Google Analytics <\/strong>Google Analytics est un service d'analyse web propos\u00e9 par Google qui suit et rapporte le trafic du site web. Google utilise les donn\u00e9es collect\u00e9es pour suivre et surveiller l'utilisation de notre Service. Ces donn\u00e9es sont partag\u00e9es avec d'autres services de Google. Google peut utiliser les donn\u00e9es collect\u00e9es pour contextualiser et personnaliser les annonces de son propre r\u00e9seau publicitaire. Vous pouvez choisir de ne pas rendre votre activit\u00e9 sur le Service accessible \u00e0 Google Analytics en installant le module compl\u00e9mentaire de d\u00e9sinscription de Google Analytics. Le module compl\u00e9mentaire emp\u00eache le JavaScript de Google Analytics (ga.js, analytics.js et dc.js) de partager des informations avec Google Analytics sur les activit\u00e9s de visites. Pour plus d'informations sur les pratiques de confidentialit\u00e9 de Google, veuillez visiter la page web sur la Confidentialit\u00e9 et les Conditions de Google :\u00a0<a href=\"https:\/\/policies.google.com\/privacy?hl=en\">https:\/\/policies.google.com\/privacy?hl=en<\/a><\/li>\n<\/ul>\n<h3>Publicit\u00e9<\/h3>\n<p>Nous pouvons utiliser des Fournisseurs de Services tiers pour vous montrer des annonces afin d'aider \u00e0 soutenir et maintenir notre Service.<\/p>\n<ul>\n<li><strong>Google AdSense &amp; Cookie de DoubleClick <\/strong>Google, en tant que fournisseur tiers, utilise des cookies pour servir des annonces sur notre Service. L'utilisation de la cookie de DoubleClick par Google permet \u00e0 lui et \u00e0 ses partenaires de servir des annonces \u00e0 nos utilisateurs en fonction de leur visite \u00e0 notre Service ou \u00e0 d'autres sites web sur Internet. Vous pouvez choisir de ne pas utiliser la Cookie de DoubleClick pour la publicit\u00e9 bas\u00e9e sur les int\u00e9r\u00eats en visitant la page de Param\u00e8tres des Annonces de Google :\u00a0<a href=\"http:\/\/www.google.com\/ads\/preferences\/\">http:\/\/www.google.com\/ads\/preferences\/<\/a><\/li>\n<\/ul>\n<h3>Paiements<\/h3>\n<p>Nous pouvons fournir des produits et\/ou services payants au sein du Service. Dans ce cas, nous utilisons des services tiers pour le traitement des paiements (par exemple, processeurs de paiements).<\/p>\n<p>Nous ne stockerons ni ne recueillerons vos informations de carte de paiement. Ces informations sont fournies directement \u00e0 nos processeurs de paiement tiers dont l'utilisation de vos informations personnelles est r\u00e9gie par leur Politique de Confidentialit\u00e9. Ces processeurs de paiements respectent les normes \u00e9tablies par PCI-DSS g\u00e9r\u00e9es par le Conseil des Normes de S\u00e9curit\u00e9 PCI, qui est un effort conjoint de marques telles que Visa, Mastercard, American Express et Discover. Les exigences de PCI-DSS aident \u00e0 garantir le traitement s\u00e9curis\u00e9 des informations de paiement.<\/p>\n<p>Les processeurs de paiements avec lesquels nous travaillons sont :<\/p>\n<ul>\n<li><strong>PayPal ou Braintree: <\/strong>Vous pouvez consulter leur Politique de Confidentialit\u00e9 \u00e0\u00a0<a href=\"https:\/\/www.paypal.com\/webapps\/mpp\/ua\/privacy-full\" target=\"_blank\" rel=\"noopener noreferrer\">https:\/\/www.paypal.com\/webapps\/mpp\/ua\/privacy-full<\/a><\/li>\n<li><strong>Stripe: <\/strong>Vous pouvez consulter leur Politique de Confidentialit\u00e9 \u00e0\u00a0<a href=\"https:\/\/stripe.com\/privacy\" target=\"_blank\" rel=\"noopener noreferrer\">https:\/\/stripe.com\/privacy<\/a><\/li>\n<\/ul>\n<h2>Liens vers d'Autres Sites<\/h2>\n<p>Notre Service peut contenir des liens vers d'autres sites qui ne sont pas op\u00e9r\u00e9s par nous. Si vous cliquez sur un lien tiers, vous serez dirig\u00e9 vers le site de ce tiers. Nous vous conseillons fortement de consulter la Politique de Confidentialit\u00e9 de chaque site que vous visitez.<\/p>\n<p>Nous n'avons aucun contr\u00f4le sur et n'assumons aucune responsabilit\u00e9 pour le contenu, les politiques de confidentialit\u00e9 ou les pratiques de tout site ou service tiers.<\/p>\n<h2>Confidentialit\u00e9 des Enfants<\/h2>\n<p>Notre Service ne s'adresse \u00e0 personne de moins de 18 ans (\"Enfants\").<\/p>\n<p>Nous ne collectons pas sciemment d'informations personnellement identifiables aupr\u00e8s de quiconque \u00e2g\u00e9 de moins de 18 ans. Si vous \u00eates un parent ou un tuteur et que vous \u00eates conscient que votre enfant nous a fourni des Donn\u00e9es Personnelles, veuillez nous contacter. Si nous d\u00e9couvrons que nous avons collect\u00e9 des Donn\u00e9es Personnelles d'enfants sans v\u00e9rification du consentement parental, nous prenons des mesures pour supprimer cette information de nos serveurs.<\/p>\n<h2>Modifications de cette Politique de Confidentialit\u00e9<\/h2>\n<p>Nous pouvons mettre \u00e0 jour notre Politique de Confidentialit\u00e9 de temps \u00e0 autre. Nous vous informerons de tout changement en publiant la nouvelle Politique de Confidentialit\u00e9 sur cette page.<\/p>\n<p>Nous vous informerons par e-mail et\/ou par un avis visible sur notre Service, avant que le changement n'entre en vigueur et mettrons \u00e0 jour la \"date d'entr\u00e9e en vigueur\" en haut de cette Politique de Confidentialit\u00e9.<\/p>\n<p>Il est conseill\u00e9 de consulter cette Politique de Confidentialit\u00e9 p\u00e9riodiquement pour toute modification. Les modifications de cette Politique de Confidentialit\u00e9 sont effectives lorsqu'elles sont publi\u00e9es sur cette page.<\/p>\n<h2>Contactez-nous<\/h2>\n<p>Si vous avez des questions concernant cette Politique de Confidentialit\u00e9, veuillez nous contacter :<\/p>\n<ul>\n<li>Par e-mail : <a href=\"mailto:support@senshido.com\">support@senshido.com<\/a><\/li>\n<li>En visitant cette page sur notre site web : <a href=\"https:\/\/www.senshido.com\/contact\">https:\/\/www.senshido.com\/contact<\/a><\/li>\n<\/ul>\n","protected":false},"excerpt":{"rendered":"<p>Renonciation Certaines des comp\u00e9tences, applications techniques et activit\u00e9s enseign\u00e9es \u00e0 travers les mat\u00e9riaux de ce site web sont intrins\u00e8quement dangereuses. En continuant sur le site, vous reconnaissez et acceptez les risques encourus. Toute blessure et\/ou dommage qui en r\u00e9sulte est enti\u00e8rement et exclusivement de votre responsabilit\u00e9. Si vous avez des [&hellip;]<\/p>\n","protected":false},"author":2,"featured_media":0,"parent":2,"menu_order":3,"comment_status":"closed","ping_status":"closed","template":"","meta":{"_acf_changed":false,"footnotes":""},"class_list":["post-4012","page","type-page","status-publish","hentry"],"acf":[],"_links":{"self":[{"href":"https:\/\/www.senshido.com\/fr\/wp-json\/wp\/v2\/pages\/4012","targetHints":{"allow":["GET"]}}],"collection":[{"href":"https:\/\/www.senshido.com\/fr\/wp-json\/wp\/v2\/pages"}],"about":[{"href":"https:\/\/www.senshido.com\/fr\/wp-json\/wp\/v2\/types\/page"}],"author":[{"embeddable":true,"href":"https:\/\/www.senshido.com\/fr\/wp-json\/wp\/v2\/users\/2"}],"replies":[{"embeddable":true,"href":"https:\/\/www.senshido.com\/fr\/wp-json\/wp\/v2\/comments?post=4012"}],"version-history":[{"count":10,"href":"https:\/\/www.senshido.com\/fr\/wp-json\/wp\/v2\/pages\/4012\/revisions"}],"predecessor-version":[{"id":4928,"href":"https:\/\/www.senshido.com\/fr\/wp-json\/wp\/v2\/pages\/4012\/revisions\/4928"}],"up":[{"embeddable":true,"href":"https:\/\/www.senshido.com\/fr\/wp-json\/wp\/v2\/pages\/2"}],"wp:attachment":[{"href":"https:\/\/www.senshido.com\/fr\/wp-json\/wp\/v2\/media?parent=4012"}],"curies":[{"name":"wp","href":"https:\/\/api.w.org\/{rel}","templated":true}]}}