{"id":3689,"date":"2020-07-16T22:45:59","date_gmt":"2020-07-17T04:45:59","guid":{"rendered":"https:\/\/www.senshido.com\/?page_id=3689"},"modified":"2025-02-16T20:59:43","modified_gmt":"2025-02-17T02:59:43","slug":"senshido","status":"publish","type":"page","link":"https:\/\/www.senshido.com\/fr\/about\/senshido\/","title":{"rendered":"Senshido"},"content":{"rendered":"[vc_row][vc_column][vc_row_inner][vc_column_inner width=\"2\/3\"][vc_column_text acl_rules=\"%5B%7B%22rule%22%3A%22%255B%257B%2522param%2522%253A%2522none%2522%252C%2522operator%2522%253A%2522_equal%2522%252C%2522value%2522%253A%2522none%2522%257D%255D%22%7D%5D\"]\n<blockquote><p><em><strong>Ayant pratiqu\u00e9 le Krav Maga et plusieurs autres arts, je peux dire que Senshido est le syst\u00e8me le plus r\u00e9aliste et r\u00e9v\u00e9lateur dans lequel j'ai jamais \u00e9t\u00e9 form\u00e9. Passer un week-end \u00e0 m'entra\u00eener avec Richard et l'\u00e9quipe de Senshido a \u00e9t\u00e9 \u00e9clairant, pour dire le moins. (Vers 1998)<\/strong><\/em><\/p>\n<p><cite>Robert Toscano - New York, Bronx<\/cite><\/p><\/blockquote>\n[\/vc_column_text][vc_column_text acl_rules=\"%5B%7B%22rule%22%3A%22%255B%257B%2522param%2522%253A%2522none%2522%252C%2522operator%2522%253A%2522_equal%2522%252C%2522value%2522%253A%2522none%2522%257D%255D%22%7D%5D\"]<strong>Fortement influenc\u00e9 par Bruce Lee et Dan Millman (auteur de la s\u00e9rie Guerrier Pacifique), la d\u00e9finition suivante de Senshido \u00e9tait la premi\u00e8re d\u00e9finition originale que j'avais \u00e9crite \u00e0 la mi-1994 pour le tout premier site Web de Senshido, con\u00e7u par le student et ami de Senshido, Anthony Lukban.<\/strong><\/p>\n<p><strong>On peut clairement voir ici que d\u00e8s le d\u00e9but, je n'avais aucune intention de syst\u00e9matiser ce processus, o\u00f9, il y a plus d'un quart de si\u00e8cle, j'affirme clairement que Senshido n'\u00e9tait qu'un processus de d\u00e9couverte et \u00e0 quel point je suis rest\u00e9 fid\u00e8le \u00e0 ce voyage et \u00e0 cette m\u00e9thode jusqu'\u00e0 aujourd'hui.<\/strong><\/p>\n<hr \/>\n<p>Le changement est imp\u00e9ratif. Le changement implique \u00e9galement l'\u00e9volution. Cependant, dans le domaine des arts martiaux, le changement est un tabou. Au lieu d'accepter passivement les arts traditionnels qui se pr\u00e9sentent comme des m\u00e9thodes d'autod\u00e9fense, nous avons questionn\u00e9 et recherch\u00e9. Au lieu d'accepter les id\u00e9es fausses h\u00e9rit\u00e9es qui nous sont continuellement pr\u00e9sent\u00e9es chaque jour, nous avons innov\u00e9 et progress\u00e9. Plut\u00f4t que de c\u00e9der aux \u00e9gos des forces politiques derri\u00e8re la communaut\u00e9 des arts martiaux, nous, comme peu d'autres avant nous, avons rompu avec la tradition. L'aveuglement et la myopie auto-inflig\u00e9e ne sont rien d'autre que de la paresse provoqu\u00e9e par une ignorance ignor\u00e9e. Senshido est changement.<\/p>\n<p>Senshido n'a jamais c\u00e9d\u00e9 aux traditions qui, d'une certaine mani\u00e8re, affligent les arts martiaux en ce qui concerne la survie, mais s'est plut\u00f4t \u00e9largi vers la progression et l'innovation. Nous avons une d\u00e9claration de mission et nous y sommes rest\u00e9s fid\u00e8les depuis le d\u00e9but. Depuis 1994, Senshido est devenu assez controvers\u00e9 \u00e0 la fois dans le domaine traditionnel et dans les cercles \u00e9clectiques. Nous avons attir\u00e9 l'attention internationale et nous nous sommes affirm\u00e9s comme l'un des 5 meilleurs syst\u00e8mes bas\u00e9s sur la r\u00e9alit\u00e9 dans le monde.<\/p>\n<p>Les objectifs et valeurs de Senshido sont congruents avec les valeurs guerri\u00e8res qui ont pouss\u00e9 les hommes \u00e0 chercher des moyens de se prot\u00e9ger, eux-m\u00eames, leurs familles, clans et villages contre le danger il y a des si\u00e8cles. La forme de combat la plus ancienne ou document\u00e9e a \u00e9t\u00e9 d\u00e9couverte dans l'\u00c9gypte ancienne et \u00e9tait inscrite sur les murs des pyramides autour de 4000 \u00e0 5000 av. J.-C. Ces disciplines combatives, qui, autant que nous le savons, ont commenc\u00e9 avec les \u00c9gyptiens et se sont \u00e9largies aux Romains, Grecs, Chinois, etc., \u00e9taient utilis\u00e9es purement comme m\u00e9thodes de guerre et d'autod\u00e9fense. Ce sont ces valeurs qui ont \u00e0 l'origine cr\u00e9\u00e9 les syst\u00e8mes de combat dans le monde, et non les tournois ou les inspirations de championnats.<\/p>\n<p>Pour \u00e9viter toute confusion, permettez-moi de d\u00e9finir et de noter les diff\u00e9rences entre les \u00ab syst\u00e8mes \u00bb et \u00ab styles \u00bb d'arts martiaux. Les styles sont des types d'expressions sp\u00e9cifiques qui ont \u00e9t\u00e9 transmises de ma\u00eetre \u00e0 \u00e9l\u00e8ve, de g\u00e9n\u00e9ration en g\u00e9n\u00e9ration et transmises de mani\u00e8re identique \u00e0 chaque individu, ind\u00e9pendamment de leurs diff\u00e9rences en tant qu'\u00eatres humains. Il n'y a ni \u00e9volution ni praticit\u00e9 dans les styles, car leurs fondations sont th\u00e9oriques. Imitant sans r\u00e9flexion est la voie \u00e0 suivre. Un syst\u00e8me est g\u00e9n\u00e9ralement compos\u00e9 de plusieurs styles pour former un art plus complet qui, \u00e0 son tour, \u00e9volue et progresse avec le besoin \u00e9vident de s'adapter. Certains syst\u00e8mes, cependant, ne progressent jamais et finissent par devenir des styles. Certaines factions de Jeet Kune Do sont un bon exemple d'une m\u00e9thodologie devenue un syst\u00e8me devenu un style.<\/p>\n<p>Senshido, s'il doit \u00eatre \u00e9tiquet\u00e9, est plus proche d'un syst\u00e8me, mais n'est vraiment ni un syst\u00e8me ni un style. C'est un processus, une m\u00e9thodologie qui est transcendante, interchangeable et adaptable \u00e0 tous les syst\u00e8mes et styles. Bien qu'il contienne de nombreux attributs physiques modifi\u00e9s inspir\u00e9s par d'autres syst\u00e8mes, il est compos\u00e9 de plusieurs m\u00e9thodes originales, uniques et innovantes.<\/p>\n<p>Cr\u00e9er un nouveau syst\u00e8me d'art martial n'est pas simplement une question de m\u00e9langer plusieurs arts pour le plaisir de l'\u00e9clectisme, comme beaucoup l'ont fait depuis que cela est devenu \u00e0 la mode avec l'arriv\u00e9e des \u00e9v\u00e9nements de MMA et de NHB. Cela n\u00e9cessite une exploration scientifique de chaque strat\u00e9gie combative ainsi qu'une compr\u00e9hension approfondie de l'inertie \u00e9motionnelle et de ses effets sur l'esprit r\u00e9actif, tout en tenant compte de la myriade de variables qui peuvent entrer en jeu avant, pendant et apr\u00e8s un combat.<\/p>\n<p>Aucun style pur ne compose Senshido. D'un point de vue physique, nous nous appuyons principalement sur des comp\u00e9tences motrices globales et sur les 5 Principes de R\u00e9action Physique de Senshido : Cibles Primaires - Arme la Plus Proche au Cible la Plus Proche - Sensibilit\u00e9 Tactile - \u00c9conomie de Mouvement - Mouvement Non T\u00e9l\u00e9graphique. Aucun domaine de combat, style ou technique n'a jamais gagn\u00e9 un combat.<\/p>\n<p>La survie est attribu\u00e9e \u00e0 l'\u00e9tat d'esprit du combattant qui lui a permis de s'\u00e9loigner en tant que survivant. La technique r\u00e9elle, le style ou le domaine est compl\u00e8tement accidentel. Auparavant, les artistes martiaux s'accrochaient \u00e0 leurs styles et d\u00e9veloppaient un attachement \u00e9motionnel \u00e0 ceux-ci ; de nos jours, ce sont des domaines et des techniques depuis l'arriv\u00e9e des \u00e9v\u00e9nements NHB. Les techniques ne sont pas aussi importantes que la philosophie et le raisonnement mental qui les sous-tendent. La logique et la raison guident l'individu. La simplicit\u00e9, la directivit\u00e9 et l'efficacit\u00e9 soutenues par la strat\u00e9gie sont les ingr\u00e9dients du succ\u00e8s en combat et en d\u00e9fense.<\/p>\n<p>Mes \u00e9tudiants comprennent que la seule pr\u00e9occupation de Senshido est d'am\u00e9liorer la capacit\u00e9 de survie. Ils r\u00e9alisent que le voyage vers la confiance en soi et la v\u00e9rit\u00e9 r\u00e9side uniquement en eux-m\u00eames et que Senshido n'est qu'un guide ou un v\u00e9hicule vers cette v\u00e9rit\u00e9. En combat, vous ferez ce que vous ferez. La v\u00e9rit\u00e9, dans un monde de conceptualisations auto-cr\u00e9\u00e9es et de croyances inculqu\u00e9es, appara\u00eet dure et reste pour la plupart inexplor\u00e9e. Le changement est imp\u00e9ratif, mais effraie la plupart. L'aveuglement ou le refus de voir est une affliction tr\u00e8s courante parmi les artistes martiaux, ce qui cr\u00e9e \u00e0 son tour un malaise sous forme d'ins\u00e9curit\u00e9 cach\u00e9e dans leur capacit\u00e9. Pour la plupart, cette ins\u00e9curit\u00e9 se manifeste par l'ego et l'arrogance.<\/p>\n<p>Les esprits \u00e9troits et craintifs de poser des questions, ceux qui acceptent simplement parce que \"c'est toujours ainsi que cela a \u00e9t\u00e9 fait\" et les trop paresseux pour l'introspection succombent \u00e0 leur propre destin. Comme le dit Marc Macyoung, \"C'est leur sang\". Le combat se produit une seule fois. Regarder en arri\u00e8re et dire \"je devrais, aurais ou pourrais\" est futile \u00e0 moins que cela ne soit fait avec introspection comme outil d'apprentissage pour la prochaine rencontre possible. Les diverses mentalit\u00e9s qui influencent notre prise de d\u00e9cision quotidienne sont g\u00e9n\u00e9ralement assez pr\u00e9visibles et, pour la plupart, probl\u00e9matiques et deviennent encore plus probl\u00e9matiques pendant le combat.<\/p>\n<p>L'esprit (pas le cerveau), avec toutes ses imperfections auto-induites mais non recherch\u00e9es, telles que la fatigue mentale, le doute, la peur, la col\u00e8re et l'anxi\u00e9t\u00e9, cr\u00e9ent une h\u00e9sitation de performance optimale entra\u00eenant une inercie \u00e9motionnelle qui se manifeste \u00e0 son tour comme un malaise physique. Nous cr\u00e9ons nos propres enfers et nous y accrochons sans logique apparente sur pourquoi - une question de 'confort inconfortable'. La r\u00e9sistance est futile. Malheureusement, les tactiques combatives ne changent qu'apr\u00e8s un \u00e9v\u00e9nement grave et pr\u00e9judiciable. Malheureusement trop tard, c'est une erreur qui en a co\u00fbt\u00e9 la vie \u00e0 certains.<\/p>\n<p>Alors, si jamais, Senshido existe pour vous faire questionner, introspecter et rechercher un meilleur chemin. C'est une forme de v\u00e9rit\u00e9. Ne le labellisez pas, ne le cristallisez pas et ne le solidifiez pas. Prenez de cela ce dont vous avez besoin, utilisez ce qui fonctionne pour vous, modifiez ce qui ne fonctionne pas et commencez votre propre voyage. Personne ne poss\u00e8de la v\u00e9rit\u00e9 ; elle est l\u00e0 pour que tout le monde la cherche, l'\u00e9tudie et l'utilise comme bon lui semble.<\/p>\n<p>Que ce soit par la litt\u00e9rature, le d\u00e9bat, la conversation informelle ou les enseignements, tenir son opinion parle de r\u00e9serves silencieuses. Styles, syst\u00e8mes, \u00e9tiquettes, titres, religions, cultes vous placent dans une faction. Les factions limitent les gens \u00e0 la connaissance en leur sein. Comme l'a dit proph\u00e9tiquement Bruce Lee : \"Celui qui n'a pas de style s'adapte \u00e0 tous les styles\". J'\u00e9cris ce texte pour les curieux et les esprits \u00e9troits. Mes mots peuvent d\u00e9ranger, mais ils m\u00e8nent \u00e0 des r\u00e9actions recherch\u00e9es. Nous avons dit ce que nous voulions dire et nous n'avons jamais pr\u00e9tendu comme tant d'autres le font, ayant seulement l'intention de plaire ; si nous avons condamn\u00e9 votre point de vue, demandez-vous\u2026 pourquoi ?<\/p>\n<p>Entra\u00eenez-vous intelligemment et avec diligence.<\/p>\n<p>Richard Dimitri<br \/>\n<em>Fondateur de Senshido<\/em>[\/vc_column_text][\/vc_column_inner][vc_column_inner width=\"1\/3\"][vc_single_image image=\"1904\" img_size=\"large\" style=\"vc_box_shadow\" onclick=\"img_link_large\" acl_rules=\"%5B%7B%22rule%22%3A%22%255B%257B%2522param%2522%253A%2522none%2522%252C%2522operator%2522%253A%2522_equal%2522%252C%2522value%2522%253A%2522none%2522%257D%255D%22%7D%5D\"][vc_single_image image=\"1568\" img_size=\"medium\" add_caption=\"yes\" style=\"vc_box_shadow\" onclick=\"img_link_large\" acl_rules=\"%5B%7B%22rule%22%3A%22%255B%257B%2522param%2522%253A%2522none%2522%252C%2522operator%2522%253A%2522_equal%2522%252C%2522value%2522%253A%2522none%2522%257D%255D%22%7D%5D\"][vc_single_image image=\"575\" img_size=\"medium\" add_caption=\"yes\" style=\"vc_box_shadow\" onclick=\"img_link_large\" acl_rules=\"%5B%7B%22rule%22%3A%22%255B%257B%2522param%2522%253A%2522none%2522%252C%2522operator%2522%253A%2522_equal%2522%252C%2522value%2522%253A%2522none%2522%257D%255D%22%7D%5D\"][vc_single_image image=\"1566\" img_size=\"medium\" add_caption=\"yes\" style=\"vc_box_shadow\" onclick=\"img_link_large\" acl_rules=\"%5B%7B%22rule%22%3A%22%255B%257B%2522param%2522%253A%2522none%2522%252C%2522operator%2522%253A%2522_equal%2522%252C%2522value%2522%253A%2522none%2522%257D%255D%22%7D%5D\"][vc_single_image image=\"1565\" img_size=\"medium\" add_caption=\"yes\" style=\"vc_box_shadow\" onclick=\"img_link_large\" acl_rules=\"%5B%7B%22rule%22%3A%22%255B%257B%2522param%2522%253A%2522none%2522%252C%2522operator%2522%253A%2522_equal%2522%252C%2522value%2522%253A%2522none%2522%257D%255D%22%7D%5D\"][vc_single_image image=\"933\" img_size=\"medium\" add_caption=\"yes\" style=\"vc_box_shadow\" onclick=\"img_link_large\" acl_rules=\"%5B%7B%22rule%22%3A%22%255B%257B%2522param%2522%253A%2522none%2522%252C%2522operator%2522%253A%2522_equal%2522%252C%2522value%2522%253A%2522none%2522%257D%255D%22%7D%5D\"][vc_single_image image=\"688\" img_size=\"medium\" add_caption=\"yes\" style=\"vc_box_shadow\" onclick=\"img_link_large\" acl_rules=\"%5B%7B%22rule%22%3A%22%255B%257B%2522param%2522%253A%2522none%2522%252C%2522operator%2522%253A%2522_equal%2522%252C%2522value%2522%253A%2522none%2522%257D%255D%22%7D%5D\"][vc_single_image image=\"935\" img_size=\"medium\" add_caption=\"yes\" style=\"vc_box_shadow\" onclick=\"img_link_large\" acl_rules=\"%5B%7B%22rule%22%3A%22%255B%257B%2522param%2522%253A%2522none%2522%252C%2522operator%2522%253A%2522_equal%2522%252C%2522value%2522%253A%2522none%2522%257D%255D%22%7D%5D\"][\/vc_column_inner][\/vc_row_inner][\/vc_column][\/vc_row]\n","protected":false},"excerpt":{"rendered":"<p>[vc_row][vc_column][vc_row_inner][vc_column_inner width=\u00a0\u00bb2\/3&Prime;][vc_column_text acl_rules=\u00a0\u00bb%5B%7B%22rule%22%3A%22%255B%257B%2522param%2522%253A%2522none%2522%252C%2522operator%2522%253A%2522_equal%2522%252C%2522value%2522%253A%2522none%2522%257D%255D%22%7D%5D\u00a0\u00bb] Ayant pratiqu\u00e9 le Krav Maga et plusieurs autres arts, je peux dire que Senshido est le syst\u00e8me le plus r\u00e9aliste et r\u00e9v\u00e9lateur dans lequel j&rsquo;ai jamais \u00e9t\u00e9 form\u00e9. Passer un week-end \u00e0 m&rsquo;entra\u00eener avec Richard et l&rsquo;\u00e9quipe de Senshido a \u00e9t\u00e9 \u00e9clairant, pour dire le moins. (Vers [&hellip;]<\/p>\n","protected":false},"author":2,"featured_media":0,"parent":2,"menu_order":0,"comment_status":"closed","ping_status":"closed","template":"","meta":{"_acf_changed":false,"footnotes":""},"class_list":["post-3689","page","type-page","status-publish","hentry"],"acf":[],"_links":{"self":[{"href":"https:\/\/www.senshido.com\/fr\/wp-json\/wp\/v2\/pages\/3689","targetHints":{"allow":["GET"]}}],"collection":[{"href":"https:\/\/www.senshido.com\/fr\/wp-json\/wp\/v2\/pages"}],"about":[{"href":"https:\/\/www.senshido.com\/fr\/wp-json\/wp\/v2\/types\/page"}],"author":[{"embeddable":true,"href":"https:\/\/www.senshido.com\/fr\/wp-json\/wp\/v2\/users\/2"}],"replies":[{"embeddable":true,"href":"https:\/\/www.senshido.com\/fr\/wp-json\/wp\/v2\/comments?post=3689"}],"version-history":[{"count":27,"href":"https:\/\/www.senshido.com\/fr\/wp-json\/wp\/v2\/pages\/3689\/revisions"}],"predecessor-version":[{"id":4918,"href":"https:\/\/www.senshido.com\/fr\/wp-json\/wp\/v2\/pages\/3689\/revisions\/4918"}],"up":[{"embeddable":true,"href":"https:\/\/www.senshido.com\/fr\/wp-json\/wp\/v2\/pages\/2"}],"wp:attachment":[{"href":"https:\/\/www.senshido.com\/fr\/wp-json\/wp\/v2\/media?parent=3689"}],"curies":[{"name":"wp","href":"https:\/\/api.w.org\/{rel}","templated":true}]}}