{"id":3677,"date":"2020-07-16T21:53:26","date_gmt":"2020-07-17T03:53:26","guid":{"rendered":"https:\/\/www.senshido.com\/?page_id=3677"},"modified":"2025-02-16T21:34:59","modified_gmt":"2025-02-17T03:34:59","slug":"impressum","status":"publish","type":"page","link":"https:\/\/www.senshido.com\/de\/about\/impressum\/","title":{"rendered":"Impressum"},"content":{"rendered":"[vc_row acl_rules=\"%5B%7B%22rule%22%3A%22%255B%257B%2522param%2522%253A%2522none%2522%252C%2522operator%2522%253A%2522_equal%2522%252C%2522value%2522%253A%2522none%2522%257D%255D%22%7D%5D\" css=\".vc_custom_1595563219919{margin-bottom: 1em !important;}\"][vc_column width=\"2\/3\"][vc_column_text acl_rules=\"%5B%7B%22rule%22%3A%22%255B%257B%2522param%2522%253A%2522none%2522%252C%2522operator%2522%253A%2522_equal%2522%252C%2522value%2522%253A%2522none%2522%257D%255D%22%7D%5D\"]Mit Richs Segen wird diese Seite zu 100 % von Trevor Wilcox, einem langj\u00e4hrigen Freund und Sch\u00fcler, verwaltet, um die lebensver\u00e4ndernden Lehren von Richard Dimitris \"Old School\" Senshido als komplette Kampfmethodologie zu bewahren und zu verewigen, die auf funktionale Kampfkonzepte, F\u00e4higkeiten, Taktiken und Strategien ausgerichtet ist, um die \u00dcberlebensf\u00e4higkeit angesichts von Gewalt zu verbessern und dar\u00fcber hinaus zu vollst\u00e4ndigen Kriegerathleten zu werden, die f\u00e4hig und vielseitig sind, in jeder Kampfumgebung improvisieren und sich anpassen k\u00f6nnen.<\/p>\n<p>Durch diese Methodologie wird der Kriegergeist geschmiedet und das Training wird weniger zu \"Selbstverteidigung\" und mehr zu \"Selbstentwicklung\", da die Athleten von Senshido die Attribute und Einstellungen entwickeln, um allen Herausforderungen, die ihnen begegnen, zu begegnen und sie zu \u00fcberwinden. F\u00fcr alle praktischen Zwecke ist Trevor der \"W\u00e4chter\" der Old School Senshido-Materialien, die nur \u00fcber diese Website verf\u00fcgbar sind, und die Mitgliedsgeb\u00fchren f\u00fcr die Seite flie\u00dfen in die Hosting- und Betriebskosten, um diese Materialien verf\u00fcgbar zu halten.<\/p>\n<hr \/>\n<p><strong><a href=\"https:\/\/www.senshido.com\/wp-content\/uploads\/2020\/07\/69107187_10156340326586161_7159629470758862848_o.jpg\"><img loading=\"lazy\" decoding=\"async\" class=\"alignleft wp-image-3614 size-thumbnail\" src=\"https:\/\/www.senshido.com\/wp-content\/uploads\/2020\/07\/69107187_10156340326586161_7159629470758862848_o-80x80.jpg\" alt=\"\" width=\"80\" height=\"80\" \/><\/a>Rich hier:<br \/>\n<\/strong>Ich erkl\u00e4re, dass das Obige in der Tat eine wahre Geschichte ist.<strong><br \/>\n<\/strong>[\/vc_column_text][\/vc_column][vc_column width=\"1\/3\"][vc_single_image image=\"3682\" style=\"vc_box_shadow\" onclick=\"img_link_large\" acl_rules=\"%5B%7B%22rule%22%3A%22%255B%257B%2522param%2522%253A%2522none%2522%252C%2522operator%2522%253A%2522_equal%2522%252C%2522value%2522%253A%2522none%2522%257D%255D%22%7D%5D\"][\/vc_column][\/vc_row]\n","protected":false},"excerpt":{"rendered":"<p>[vc_row acl_rules=&#8220;%5B%7B%22rule%22%3A%22%255B%257B%2522param%2522%253A%2522none%2522%252C%2522operator%2522%253A%2522_equal%2522%252C%2522value%2522%253A%2522none%2522%257D%255D%22%7D%5D&#8220; css=&#8220;.vc_custom_1595563219919{margin-bottom: 1em !important;}&#8220;][vc_column width=&#8220;2\/3&#8243;][vc_column_text acl_rules=&#8220;%5B%7B%22rule%22%3A%22%255B%257B%2522param%2522%253A%2522none%2522%252C%2522operator%2522%253A%2522_equal%2522%252C%2522value%2522%253A%2522none%2522%257D%255D%22%7D%5D&#8220;]Mit Richs Segen wird diese Seite zu 100 % von Trevor Wilcox, einem langj\u00e4hrigen Freund und Sch\u00fcler, verwaltet, um die lebensver\u00e4ndernden Lehren von Richard Dimitris &#8222;Old School&#8220; Senshido als komplette Kampfmethodologie zu bewahren und zu verewigen, die auf funktionale Kampfkonzepte, F\u00e4higkeiten, Taktiken und Strategien [&hellip;]<\/p>\n","protected":false},"author":2,"featured_media":0,"parent":2,"menu_order":2,"comment_status":"closed","ping_status":"closed","template":"","meta":{"_acf_changed":false,"footnotes":""},"class_list":["post-3677","page","type-page","status-publish","hentry"],"acf":[],"_links":{"self":[{"href":"https:\/\/www.senshido.com\/de\/wp-json\/wp\/v2\/pages\/3677","targetHints":{"allow":["GET"]}}],"collection":[{"href":"https:\/\/www.senshido.com\/de\/wp-json\/wp\/v2\/pages"}],"about":[{"href":"https:\/\/www.senshido.com\/de\/wp-json\/wp\/v2\/types\/page"}],"author":[{"embeddable":true,"href":"https:\/\/www.senshido.com\/de\/wp-json\/wp\/v2\/users\/2"}],"replies":[{"embeddable":true,"href":"https:\/\/www.senshido.com\/de\/wp-json\/wp\/v2\/comments?post=3677"}],"version-history":[{"count":15,"href":"https:\/\/www.senshido.com\/de\/wp-json\/wp\/v2\/pages\/3677\/revisions"}],"predecessor-version":[{"id":4925,"href":"https:\/\/www.senshido.com\/de\/wp-json\/wp\/v2\/pages\/3677\/revisions\/4925"}],"up":[{"embeddable":true,"href":"https:\/\/www.senshido.com\/de\/wp-json\/wp\/v2\/pages\/2"}],"wp:attachment":[{"href":"https:\/\/www.senshido.com\/de\/wp-json\/wp\/v2\/media?parent=3677"}],"curies":[{"name":"wp","href":"https:\/\/api.w.org\/{rel}","templated":true}]}}